{"id":419,"date":"2023-05-16T10:02:36","date_gmt":"2023-05-16T08:02:36","guid":{"rendered":"https:\/\/www.kvhstavebni.cz\/eshop\/?post_type=product&#038;p=419"},"modified":"2025-10-15T14:52:41","modified_gmt":"2025-10-15T12:52:41","slug":"stavebni-rezivo-hranene-sm-jd-hranolek","status":"publish","type":"product","link":"https:\/\/www.kvhstavebni.cz\/eshop\/?product=stavebni-rezivo-hranene-sm-jd-hranolek","title":{"rendered":"Stavebn\u00ed \u0159ezivo &#8211; HRAN\u011aN\u00c9 SM\/JD &#8211; hranolek 60\/80\/3000"},"content":{"rendered":"<p>Stavebn\u00ed \u0159ezivo se vyr\u00e1b\u00ed ze smrku, jedle, borovice. Dod\u00e1v\u00e1 se jako paraleln\u011b om\u00edtan\u00e9 nebo prismovan\u00e9.<\/p>\n","protected":false},"excerpt":{"rendered":"<p>Stavebn\u00ed \u0159ezivo se vyr\u00e1b\u00ed ze smrku, jedle, borovice. Dod\u00e1v\u00e1 se jako paraleln\u011b om\u00edtan\u00e9 nebo prismovan\u00e9.<\/p>\n","protected":false},"featured_media":420,"template":"","meta":{"_eb_attr":""},"product_cat":[182],"product_tag":[],"_links":{"self":[{"href":"https:\/\/www.kvhstavebni.cz\/eshop\/index.php?rest_route=\/wp\/v2\/product\/419"}],"collection":[{"href":"https:\/\/www.kvhstavebni.cz\/eshop\/index.php?rest_route=\/wp\/v2\/product"}],"about":[{"href":"https:\/\/www.kvhstavebni.cz\/eshop\/index.php?rest_route=\/wp\/v2\/types\/product"}],"wp:featuredmedia":[{"embeddable":true,"href":"https:\/\/www.kvhstavebni.cz\/eshop\/index.php?rest_route=\/wp\/v2\/media\/420"}],"wp:attachment":[{"href":"https:\/\/www.kvhstavebni.cz\/eshop\/index.php?rest_route=%2Fwp%2Fv2%2Fmedia&parent=419"}],"wp:term":[{"taxonomy":"product_cat","embeddable":true,"href":"https:\/\/www.kvhstavebni.cz\/eshop\/index.php?rest_route=%2Fwp%2Fv2%2Fproduct_cat&post=419"},{"taxonomy":"product_tag","embeddable":true,"href":"https:\/\/www.kvhstavebni.cz\/eshop\/index.php?rest_route=%2Fwp%2Fv2%2Fproduct_tag&post=419"}],"curies":[{"name":"wp","href":"https:\/\/api.w.org\/{rel}","templated":true}]}}