{"id":409,"date":"2023-05-14T20:07:50","date_gmt":"2023-05-14T18:07:50","guid":{"rendered":"https:\/\/www.kvhstavebni.cz\/eshop\/?post_type=product&#038;p=409"},"modified":"2025-10-15T14:58:17","modified_gmt":"2025-10-15T12:58:17","slug":"stavebni-rezivo-prizmovane-sm-jd-fosny-40x150x5000","status":"publish","type":"product","link":"https:\/\/www.kvhstavebni.cz\/eshop\/?product=stavebni-rezivo-prizmovane-sm-jd-fosny-40x150x5000","title":{"rendered":"Stavebn\u00ed \u0159ezivo &#8211; prizmovan\u00e9 SM\/JD &#8211; FO\u0160NY 40\/150\/5000"},"content":{"rendered":"<p>Stavebn\u00ed \u0159ezivo se vyr\u00e1b\u00ed ze smrku, jedle, borovice. Dod\u00e1v\u00e1 se jako paraleln\u011b om\u00edtan\u00e9 nebo prismovan\u00e9.<\/p>\n","protected":false},"excerpt":{"rendered":"<p>Stavebn\u00ed \u0159ezivo se vyr\u00e1b\u00ed ze smrku, jedle, borovice. Dod\u00e1v\u00e1 se jako paraleln\u011b om\u00edtan\u00e9 nebo prismovan\u00e9.<\/p>\n","protected":false},"featured_media":411,"template":"","meta":{"_eb_attr":""},"product_cat":[182],"product_tag":[],"_links":{"self":[{"href":"https:\/\/www.kvhstavebni.cz\/eshop\/index.php?rest_route=\/wp\/v2\/product\/409"}],"collection":[{"href":"https:\/\/www.kvhstavebni.cz\/eshop\/index.php?rest_route=\/wp\/v2\/product"}],"about":[{"href":"https:\/\/www.kvhstavebni.cz\/eshop\/index.php?rest_route=\/wp\/v2\/types\/product"}],"wp:featuredmedia":[{"embeddable":true,"href":"https:\/\/www.kvhstavebni.cz\/eshop\/index.php?rest_route=\/wp\/v2\/media\/411"}],"wp:attachment":[{"href":"https:\/\/www.kvhstavebni.cz\/eshop\/index.php?rest_route=%2Fwp%2Fv2%2Fmedia&parent=409"}],"wp:term":[{"taxonomy":"product_cat","embeddable":true,"href":"https:\/\/www.kvhstavebni.cz\/eshop\/index.php?rest_route=%2Fwp%2Fv2%2Fproduct_cat&post=409"},{"taxonomy":"product_tag","embeddable":true,"href":"https:\/\/www.kvhstavebni.cz\/eshop\/index.php?rest_route=%2Fwp%2Fv2%2Fproduct_tag&post=409"}],"curies":[{"name":"wp","href":"https:\/\/api.w.org\/{rel}","templated":true}]}}