{"id":243,"date":"2023-04-02T17:23:15","date_gmt":"2023-04-02T15:23:15","guid":{"rendered":"https:\/\/www.kvhstavebni.cz\/eshop\/?post_type=product&#038;p=243"},"modified":"2025-08-03T16:42:46","modified_gmt":"2025-08-03T14:42:46","slug":"osb-3-kronospan-nebrousene-4","status":"publish","type":"product","link":"https:\/\/www.kvhstavebni.cz\/eshop\/?product=osb-3-kronospan-nebrousene-4","title":{"rendered":"OSB 3 Kronospan nebrou\u0161en\u00e9 18\/1250\/2500"},"content":{"rendered":"<p><b>Tlou\u0161\u0165ka 18 mm | \u0160\u00ed\u0159ka 1 250 mm | D\u00e9lka 2 500 mm.<\/b><\/p>\n<p><b>Desky OSB\u00a0<\/b>jsou v\u00edce\u00fa\u010delov\u00e9 desky vyr\u00e1b\u011bn\u00e9 unik\u00e1tn\u00ed technologi\u00ed lepen\u00ed orientovan\u00fdch d\u0159ev\u011bn\u00fdch t\u0159\u00edsek ve t\u0159ech vrstv\u00e1ch. Ve vrchn\u00edch vrstv\u00e1ch jsou orientov\u00e1ny pod\u00e9ln\u00fdm sm\u011brem, ve st\u0159edov\u00e9 vrstv\u011b jsou orientov\u00e1ny p\u0159\u00ed\u010dn\u00fdm sm\u011brem. Rozm\u011bry, tvar a sm\u011brov\u00e1 orientace t\u0159\u00edsek v jednotliv\u00fdch vrstv\u00e1ch maxim\u00e1ln\u011b vyu\u017e\u00edvaj\u00ed p\u0159irozen\u00e9 vlastnosti d\u0159eva k dosa\u017een\u00ed t\u011bch nejlep\u0161\u00edch mechanicko-fyzik\u00e1ln\u00edch parametr\u016f desek.<\/p>\n<p>Desky neobsahuj\u00ed p\u0159irozen\u00e9 vady rostl\u00e9ho d\u0159eva (suky, praskliny apod.). Velikost t\u0159\u00edsek v povrchov\u00e9 vrstv\u011b umo\u017e\u0148uje vyniknout p\u0159irozen\u00e9 struktu\u0159e, barv\u011b a rustikalit\u011b p\u0159\u00edrodn\u00edho d\u0159eva a p\u0159in\u00e1\u0161\u00ed tak nov\u00e9 mo\u017enosti v interi\u00e9rov\u00e9m designu.<\/p>\n<p><b>Desky OSB\u00a0<\/b>se vyr\u00e1b\u011bj\u00ed z kvalitn\u00edho jehli\u010dnat\u00e9ho d\u0159eva. P\u0159eva\u017euj\u00edc\u00ed d\u0159evinou je smrk, \u010d\u00e1ste\u010dn\u011b se vyu\u017e\u00edv\u00e1 i borovice. Tenk\u00e9 a velkoplo\u0161n\u00e9 t\u0159\u00edsky se \u0161etrn\u011b vysu\u0161\u00ed, nanesou syntetick\u00fdmi prysky\u0159icemi a stanoven\u00fdm pod\u00edlem parafinov\u00e9 emulze. Lisov\u00e1n\u00ed desek prob\u00edh\u00e1 v nep\u0159etr\u017eit\u00e9m procesu kontinu\u00e1ln\u00edho lisov\u00e1n\u00ed p\u0159i spolup\u016fsoben\u00ed vysok\u00fdch tlak\u016f a teplot. Mimo\u0159\u00e1dn\u011b dobr\u00fdch mechanick\u00fdch vlastnost\u00ed je dosa\u017eeno jak v\u00fdb\u011brem vhodn\u00e9ho zdrav\u00e9ho d\u0159eva, tak definovan\u00fdm tvarem d\u0159ev\u011bn\u00fdch t\u0159\u00edsek a zejm\u00e9na pak orientovan\u00fdm vrstven\u00edm do t\u0159\u00ed na sebe navz\u00e1jem kolm\u00fdch vrstev.<\/p>\n<p>Oproti v\u00fdrob\u011b standardn\u00edch OSB desek se pou\u017e\u00edv\u00e1 v\u00fdhradn\u011b pojivo na b\u00e1zi polyuretanov\u00fdch prysky\u0159ic, kter\u00e9 neobsahuje \u017e\u00e1dn\u00fd formaldehyd. Obsah t\u00e9to l\u00e1tky se tak redukuje na jeho \u00farove\u0148 obsa\u017eenou v d\u0159evn\u00ed hmot\u011b v p\u0159\u00edrod\u011b a OSB se tak st\u00e1v\u00e1 plnohodnotn\u00fdm materi\u00e1lem vhodn\u00fdm i pro ve\u0161ker\u00e9 aplikace v interi\u00e9rech a n\u00e1bytk\u00e1\u0159sk\u00e9m pr\u016fmyslu.<\/p>\n","protected":false},"excerpt":{"rendered":"<p>Tlou\u0161\u0165ka 18 mm | \u0160\u00ed\u0159ka 1 250 mm | D\u00e9lka 2 500 mm. Desky OSB\u00a0jsou v\u00edce\u00fa\u010delov\u00e9 desky vyr\u00e1b\u011bn\u00e9 unik\u00e1tn\u00ed technologi\u00ed lepen\u00ed orientovan\u00fdch d\u0159ev\u011bn\u00fdch t\u0159\u00edsek ve t\u0159ech vrstv\u00e1ch. Ve vrchn\u00edch vrstv\u00e1ch jsou orientov\u00e1ny pod\u00e9ln\u00fdm sm\u011brem, ve st\u0159edov\u00e9 vrstv\u011b jsou orientov\u00e1ny p\u0159\u00ed\u010dn\u00fdm sm\u011brem. Rozm\u011bry, tvar a sm\u011brov\u00e1 orientace t\u0159\u00edsek v jednotliv\u00fdch vrstv\u00e1ch maxim\u00e1ln\u011b vyu\u017e\u00edvaj\u00ed p\u0159irozen\u00e9 vlastnosti d\u0159eva&#8230;<\/p>\n","protected":false},"featured_media":224,"template":"","meta":{"_eb_attr":""},"product_cat":[23],"product_tag":[],"_links":{"self":[{"href":"https:\/\/www.kvhstavebni.cz\/eshop\/index.php?rest_route=\/wp\/v2\/product\/243"}],"collection":[{"href":"https:\/\/www.kvhstavebni.cz\/eshop\/index.php?rest_route=\/wp\/v2\/product"}],"about":[{"href":"https:\/\/www.kvhstavebni.cz\/eshop\/index.php?rest_route=\/wp\/v2\/types\/product"}],"wp:featuredmedia":[{"embeddable":true,"href":"https:\/\/www.kvhstavebni.cz\/eshop\/index.php?rest_route=\/wp\/v2\/media\/224"}],"wp:attachment":[{"href":"https:\/\/www.kvhstavebni.cz\/eshop\/index.php?rest_route=%2Fwp%2Fv2%2Fmedia&parent=243"}],"wp:term":[{"taxonomy":"product_cat","embeddable":true,"href":"https:\/\/www.kvhstavebni.cz\/eshop\/index.php?rest_route=%2Fwp%2Fv2%2Fproduct_cat&post=243"},{"taxonomy":"product_tag","embeddable":true,"href":"https:\/\/www.kvhstavebni.cz\/eshop\/index.php?rest_route=%2Fwp%2Fv2%2Fproduct_tag&post=243"}],"curies":[{"name":"wp","href":"https:\/\/api.w.org\/{rel}","templated":true}]}}