{"id":229,"date":"2023-04-02T16:35:45","date_gmt":"2023-04-02T14:35:45","guid":{"rendered":"https:\/\/www.kvhstavebni.cz\/eshop\/?post_type=product&#038;p=229"},"modified":"2025-08-03T16:55:26","modified_gmt":"2025-08-03T14:55:26","slug":"osb-3-egger-4pd-nebrousene-5","status":"publish","type":"product","link":"https:\/\/www.kvhstavebni.cz\/eshop\/?product=osb-3-egger-4pd-nebrousene-5","title":{"rendered":"OSB 3 Egger 4P+D nebrou\u0161en\u00e9 25\/675\/2500"},"content":{"rendered":"<div class=\"col-sm-8\">\n<div class=\"tab-content\">\n<div id=\"tab-description\" class=\"tab-pane active\">\n<p>Tlou\u0161\u0165ka <b>25mm<\/b> | \u0160\u00ed\u0159ka<b> 675 mm<\/b> | D\u00e9lka <b>2\u00a0500 mm<\/b><\/p>\n<p>Desky Egger OSB 3 podle EN 300 jsou v\u00edce\u00fa\u010delov\u00e9 desky pro \u0159adu aplikac\u00ed v such\u00fdch a vlhk\u00fdch podm\u00ednk\u00e1ch. Vyr\u00e1b\u011bj\u00ed se s brou\u0161en\u00fdm a nebrou\u0161en\u00fdm povrchem.<\/p>\n<p><b>V\u00fdhody desek Egger OSB 3:<\/b><br \/>\n&gt; \u0161irok\u00fd v\u00fdrobn\u00ed sortiment p\u0159izp\u016fsoben\u00fd po\u017eadavk\u016fm d\u0159evostavba\u0159\u016f a specialist\u016f<br \/>\n&gt; deklarace vlivu na \u017eivotn\u00ed prost\u0159ed\u00ed, EGGER z\u00edskal pro OSB jako prvn\u00ed v Evrop\u011b (ji\u017e v roce 2005)<br \/>\n&gt; bezformaldehydov\u00fd lepic\u00ed syst\u00e9m a technologie v\u00fdroby<br \/>\n&gt; dobr\u00e1 rozm\u011brov\u00e1 stabilita<br \/>\n&gt; garantovan\u00e1 pravo\u00fahlost v\u00fdrobk\u016f<br \/>\n&gt; n\u00edzk\u00fd pom\u011br bobtnan\u00ed a smr\u0161\u0165ov\u00e1n\u00ed<br \/>\n&gt; v\u00fdrazn\u00e1 pohledov\u00e1 kvalita a dostupnost desek v interi\u00e9rov\u00e9 brou\u0161en\u00e9 variant\u011b<br \/>\n&gt; jednoduch\u00fd, ale funk\u010dn\u00ed spoj desek v pero-dr\u00e1\u017ece umo\u017e\u0148uj\u00edc\u00ed rychlou mont\u00e1\u017e<\/p>\n<p><b>Aplikace:<\/b><br \/>\n&gt; exteri\u00e9rov\u00e1 a interi\u00e9rov\u00e1 v\u00fdstavba<br \/>\n&gt; obaly<br \/>\n&gt; d\u0159evostavby<br \/>\n&gt; betonov\u00e9 bedn\u011bn\u00ed<\/p>\n<\/div>\n<\/div>\n<\/div>\n<div class=\"col-sm-4\"><\/div>\n<p>&nbsp;<\/p>\n","protected":false},"excerpt":{"rendered":"<p>Tlou\u0161\u0165ka 25mm | \u0160\u00ed\u0159ka 675 mm | D\u00e9lka 2\u00a0500 mm Desky Egger OSB 3 podle EN 300 jsou v\u00edce\u00fa\u010delov\u00e9 desky pro \u0159adu aplikac\u00ed v such\u00fdch a vlhk\u00fdch podm\u00ednk\u00e1ch. Vyr\u00e1b\u011bj\u00ed se s brou\u0161en\u00fdm a nebrou\u0161en\u00fdm povrchem. V\u00fdhody desek Egger OSB 3: &gt; \u0161irok\u00fd v\u00fdrobn\u00ed sortiment p\u0159izp\u016fsoben\u00fd po\u017eadavk\u016fm d\u0159evostavba\u0159\u016f a specialist\u016f &gt; deklarace vlivu na \u017eivotn\u00ed prost\u0159ed\u00ed,&#8230;<\/p>\n","protected":false},"featured_media":231,"template":"","meta":{"_eb_attr":""},"product_cat":[23],"product_tag":[],"_links":{"self":[{"href":"https:\/\/www.kvhstavebni.cz\/eshop\/index.php?rest_route=\/wp\/v2\/product\/229"}],"collection":[{"href":"https:\/\/www.kvhstavebni.cz\/eshop\/index.php?rest_route=\/wp\/v2\/product"}],"about":[{"href":"https:\/\/www.kvhstavebni.cz\/eshop\/index.php?rest_route=\/wp\/v2\/types\/product"}],"wp:featuredmedia":[{"embeddable":true,"href":"https:\/\/www.kvhstavebni.cz\/eshop\/index.php?rest_route=\/wp\/v2\/media\/231"}],"wp:attachment":[{"href":"https:\/\/www.kvhstavebni.cz\/eshop\/index.php?rest_route=%2Fwp%2Fv2%2Fmedia&parent=229"}],"wp:term":[{"taxonomy":"product_cat","embeddable":true,"href":"https:\/\/www.kvhstavebni.cz\/eshop\/index.php?rest_route=%2Fwp%2Fv2%2Fproduct_cat&post=229"},{"taxonomy":"product_tag","embeddable":true,"href":"https:\/\/www.kvhstavebni.cz\/eshop\/index.php?rest_route=%2Fwp%2Fv2%2Fproduct_tag&post=229"}],"curies":[{"name":"wp","href":"https:\/\/api.w.org\/{rel}","templated":true}]}}