{"id":188,"date":"2023-04-02T00:26:37","date_gmt":"2023-04-01T22:26:37","guid":{"rendered":"https:\/\/www.kvhstavebni.cz\/eshop\/?post_type=product&#038;p=188"},"modified":"2025-06-08T17:29:39","modified_gmt":"2025-06-08T15:29:39","slug":"palubka-smrk-a-b-dl-klasik-profil","status":"publish","type":"product","link":"https:\/\/www.kvhstavebni.cz\/eshop\/?product=palubka-smrk-a-b-dl-klasik-profil","title":{"rendered":"Palubka klasik Smrk A\/B 19\/146\/5000"},"content":{"rendered":"<p><b>Tlou\u0161\u0165ka 19 mm | \u0160\u00ed\u0159ka 146 mm | D\u00e9lka 5 000 mm. <\/b><\/p>\n<p><b>bal.=6ks=4,3800m2.<\/b><\/p>\n<p>\u0160\u00ed\u0159ka obkladu je uv\u00e1d\u011bna v\u010detn\u011b pera. <b>Pozn\u00e1mka:<\/b><\/p>\n<p>&gt; interi\u00e9rov\u00e9 masivn\u00ed podlahy<br \/>\n&gt; podhledy<br \/>\n&gt; fas\u00e1dn\u00ed oblo\u017een\u00ed<\/p>\n<p><b>Pou\u017eit\u00ed:<\/b><br \/>\nvhodn\u00e9 do vnit\u0159n\u00edho i venkovn\u00edho prost\u0159ed\u00ed.<\/p>\n<p><b>U tlou\u0161\u0165ky 12,5 a 15 mm jsou spodn\u00ed dr\u00e1\u017eky.<\/b><br \/>\n<b> U tlou\u0161\u0165ky 19 mm v \u0161\u00ed\u0159ce 146 mm jsou spodn\u00ed dr\u00e1\u017eky.<\/b><br \/>\n<b> U tlou\u0161\u0165ky 19 mm v \u0161\u00ed\u0159ce 121 mm je spodn\u00ed strana hladk\u00e1.<\/b><\/p>\n<p><b> cena za cel\u00e9 balen\u00ed<\/b><\/p>\n","protected":false},"excerpt":{"rendered":"<p>Tlou\u0161\u0165ka 19 mm | \u0160\u00ed\u0159ka 146 mm | D\u00e9lka 5 000 mm. bal.=6ks=4,3800m2. \u0160\u00ed\u0159ka obkladu je uv\u00e1d\u011bna v\u010detn\u011b pera. Pozn\u00e1mka: &gt; interi\u00e9rov\u00e9 masivn\u00ed podlahy &gt; podhledy &gt; fas\u00e1dn\u00ed oblo\u017een\u00ed Pou\u017eit\u00ed: vhodn\u00e9 do vnit\u0159n\u00edho i venkovn\u00edho prost\u0159ed\u00ed. U tlou\u0161\u0165ky 12,5 a 15 mm jsou spodn\u00ed dr\u00e1\u017eky. U tlou\u0161\u0165ky 19 mm v \u0161\u00ed\u0159ce 146 mm jsou spodn\u00ed&#8230;<\/p>\n","protected":false},"featured_media":189,"template":"","meta":{"_eb_attr":""},"product_cat":[25],"product_tag":[],"_links":{"self":[{"href":"https:\/\/www.kvhstavebni.cz\/eshop\/index.php?rest_route=\/wp\/v2\/product\/188"}],"collection":[{"href":"https:\/\/www.kvhstavebni.cz\/eshop\/index.php?rest_route=\/wp\/v2\/product"}],"about":[{"href":"https:\/\/www.kvhstavebni.cz\/eshop\/index.php?rest_route=\/wp\/v2\/types\/product"}],"wp:featuredmedia":[{"embeddable":true,"href":"https:\/\/www.kvhstavebni.cz\/eshop\/index.php?rest_route=\/wp\/v2\/media\/189"}],"wp:attachment":[{"href":"https:\/\/www.kvhstavebni.cz\/eshop\/index.php?rest_route=%2Fwp%2Fv2%2Fmedia&parent=188"}],"wp:term":[{"taxonomy":"product_cat","embeddable":true,"href":"https:\/\/www.kvhstavebni.cz\/eshop\/index.php?rest_route=%2Fwp%2Fv2%2Fproduct_cat&post=188"},{"taxonomy":"product_tag","embeddable":true,"href":"https:\/\/www.kvhstavebni.cz\/eshop\/index.php?rest_route=%2Fwp%2Fv2%2Fproduct_tag&post=188"}],"curies":[{"name":"wp","href":"https:\/\/api.w.org\/{rel}","templated":true}]}}