{"id":182,"date":"2023-04-01T18:16:40","date_gmt":"2023-04-01T16:16:40","guid":{"rendered":"https:\/\/www.kvhstavebni.cz\/eshop\/?post_type=product&#038;p=182"},"modified":"2025-10-15T15:07:12","modified_gmt":"2025-10-15T13:07:12","slug":"stresni-late-sm-jd-impregnovane-2","status":"publish","type":"product","link":"https:\/\/www.kvhstavebni.cz\/eshop\/?product=stresni-late-sm-jd-impregnovane-2","title":{"rendered":"St\u0159e\u0161n\u00ed lat\u011b SM\/JD IMPREGNOVAN\u00c9 40\/60\/4000"},"content":{"rendered":"<p><b>Tlou\u0161\u0165ka 40 mm | \u0160\u00ed\u0159ka 60 mm | D\u00e9lka 4 000 mm.\u00a0<\/b><\/p>\n<p>St\u0159e\u0161n\u00ed lat\u011b pro nosn\u00e9 konstrukce st\u0159e\u0161n\u00ed krytiny, smrkov\u00e9 d\u0159evo je impregnovan\u00e9 proti \u0161k\u016fdc\u016fm a hnilob\u011b.<b><br \/>\n<\/b><\/p>\n","protected":false},"excerpt":{"rendered":"<p>Tlou\u0161\u0165ka 40 mm | \u0160\u00ed\u0159ka 60 mm | D\u00e9lka 4 000 mm.\u00a0 St\u0159e\u0161n\u00ed lat\u011b pro nosn\u00e9 konstrukce st\u0159e\u0161n\u00ed krytiny, smrkov\u00e9 d\u0159evo je impregnovan\u00e9 proti \u0161k\u016fdc\u016fm a hnilob\u011b.<\/p>\n","protected":false},"featured_media":180,"template":"","meta":{"_eb_attr":""},"product_cat":[26],"product_tag":[],"_links":{"self":[{"href":"https:\/\/www.kvhstavebni.cz\/eshop\/index.php?rest_route=\/wp\/v2\/product\/182"}],"collection":[{"href":"https:\/\/www.kvhstavebni.cz\/eshop\/index.php?rest_route=\/wp\/v2\/product"}],"about":[{"href":"https:\/\/www.kvhstavebni.cz\/eshop\/index.php?rest_route=\/wp\/v2\/types\/product"}],"wp:featuredmedia":[{"embeddable":true,"href":"https:\/\/www.kvhstavebni.cz\/eshop\/index.php?rest_route=\/wp\/v2\/media\/180"}],"wp:attachment":[{"href":"https:\/\/www.kvhstavebni.cz\/eshop\/index.php?rest_route=%2Fwp%2Fv2%2Fmedia&parent=182"}],"wp:term":[{"taxonomy":"product_cat","embeddable":true,"href":"https:\/\/www.kvhstavebni.cz\/eshop\/index.php?rest_route=%2Fwp%2Fv2%2Fproduct_cat&post=182"},{"taxonomy":"product_tag","embeddable":true,"href":"https:\/\/www.kvhstavebni.cz\/eshop\/index.php?rest_route=%2Fwp%2Fv2%2Fproduct_tag&post=182"}],"curies":[{"name":"wp","href":"https:\/\/api.w.org\/{rel}","templated":true}]}}